
{"id":5665,"date":"2023-03-28T17:38:48","date_gmt":"2023-03-28T17:38:48","guid":{"rendered":"https:\/\/fildecohome.com\/?post_type=product&#038;p=5665"},"modified":"2023-08-01T11:01:46","modified_gmt":"2023-08-01T11:01:46","slug":"sesgo","status":"publish","type":"product","link":"https:\/\/fildecohome.com\/en\/product\/sesgo\/","title":{"rendered":"Sesgo"},"content":{"rendered":"","protected":false},"excerpt":{"rendered":"<p>The Sesgo coat rack will look like a decorative mural inside our houses. Its design takes advantage of the same rectangles of the mural as hooks where to hang our clothes.<br \/>\nIts installation is simple with only two anchor screws.<br \/>\nIt is made entirely of metal wire.<\/p>\n<p><img decoding=\"async\" class=\"alignnone size-full wp-image-5949\" src=\"https:\/\/fildecohome.com\/wp-content\/uploads\/2023\/07\/601-001-70_cotas.png\" alt=\"\" width=\"425\" height=\"251\" srcset=\"https:\/\/fildecohome.com\/wp-content\/uploads\/2023\/07\/601-001-70_cotas.png 425w, https:\/\/fildecohome.com\/wp-content\/uploads\/2023\/07\/601-001-70_cotas-300x177.png 300w, https:\/\/fildecohome.com\/wp-content\/uploads\/2023\/07\/601-001-70_cotas-18x12.png 18w\" sizes=\"(max-width: 425px) 100vw, 425px\" \/><\/p>\n<p>&nbsp;<\/p>","protected":false},"author":1,"featured_media":5896,"comment_status":"open","ping_status":"closed","template":"","meta":[],"product_cat":[140,138],"product_tag":[143],"class_list":["post-5665","product","type-product","status-publish","has-post-thumbnail","hentry","product_cat-mobiliario","product_cat-destacados","product_tag-perchero","qodef-layout--standard"],"acf":[],"yoast_head":"<!-- This site is optimized with the Yoast SEO Premium plugin v19.1 (Yoast SEO v21.8) - https:\/\/yoast.com\/wordpress\/plugins\/seo\/ -->\n<title>Sesgo - Fildeco<\/title>\n<meta name=\"robots\" content=\"index, follow, max-snippet:-1, max-image-preview:large, max-video-preview:-1\" \/>\n<link rel=\"canonical\" href=\"https:\/\/fildecohome.com\/en\/product\/sesgo\/\" \/>\n<meta property=\"og:locale\" content=\"en_US\" \/>\n<meta property=\"og:type\" content=\"article\" \/>\n<meta property=\"og:title\" content=\"Sesgo\" \/>\n<meta property=\"og:description\" content=\"El perchero Sesgo parecer\u00e1 un mural decorativo dentro de nuestras casas. Su dise\u00f1o aprovecha los mismos rect\u00e1ngulos del mural como ganchos donde colgar nuestras prendas. Su instalaci\u00f3n es sencilla con solo dos tornillos de anclaje. Est\u00e1 hecho enteramente de alambre met\u00e1lico.    &nbsp;\" \/>\n<meta property=\"og:url\" content=\"https:\/\/fildecohome.com\/en\/product\/sesgo\/\" \/>\n<meta property=\"og:site_name\" content=\"Fildeco\" \/>\n<meta property=\"article:modified_time\" content=\"2023-08-01T11:01:46+00:00\" \/>\n<meta property=\"og:image\" content=\"https:\/\/fildecohome.com\/wp-content\/uploads\/2023\/07\/601-001-70_TRA_1x1.png\" \/>\n\t<meta property=\"og:image:width\" content=\"3600\" \/>\n\t<meta property=\"og:image:height\" content=\"3600\" \/>\n\t<meta property=\"og:image:type\" content=\"image\/png\" \/>\n<meta name=\"twitter:card\" content=\"summary_large_image\" \/>\n<script type=\"application\/ld+json\" class=\"yoast-schema-graph\">{\"@context\":\"https:\/\/schema.org\",\"@graph\":[{\"@type\":\"WebPage\",\"@id\":\"https:\/\/fildecohome.com\/producto\/sesgo\/\",\"url\":\"https:\/\/fildecohome.com\/producto\/sesgo\/\",\"name\":\"Sesgo - Fildeco\",\"isPartOf\":{\"@id\":\"https:\/\/fildecohome.com\/#website\"},\"datePublished\":\"2023-03-28T17:38:48+00:00\",\"dateModified\":\"2023-08-01T11:01:46+00:00\",\"breadcrumb\":{\"@id\":\"https:\/\/fildecohome.com\/producto\/sesgo\/#breadcrumb\"},\"inLanguage\":\"en-US\",\"potentialAction\":[{\"@type\":\"ReadAction\",\"target\":[\"https:\/\/fildecohome.com\/producto\/sesgo\/\"]}]},{\"@type\":\"BreadcrumbList\",\"@id\":\"https:\/\/fildecohome.com\/producto\/sesgo\/#breadcrumb\",\"itemListElement\":[{\"@type\":\"ListItem\",\"position\":1,\"name\":\"Home\",\"item\":\"https:\/\/fildecohome.com\/\"},{\"@type\":\"ListItem\",\"position\":2,\"name\":\"Tienda\",\"item\":\"https:\/\/fildecohome.com\/tienda\/\"},{\"@type\":\"ListItem\",\"position\":3,\"name\":\"Sesgo\"}]},{\"@type\":\"WebSite\",\"@id\":\"https:\/\/fildecohome.com\/#website\",\"url\":\"https:\/\/fildecohome.com\/\",\"name\":\"Fildeco\",\"description\":\"El alambre hecho decoraci\u00f3n\",\"publisher\":{\"@id\":\"https:\/\/fildecohome.com\/#organization\"},\"potentialAction\":[{\"@type\":\"SearchAction\",\"target\":{\"@type\":\"EntryPoint\",\"urlTemplate\":\"https:\/\/fildecohome.com\/?s={search_term_string}\"},\"query-input\":\"required name=search_term_string\"}],\"inLanguage\":\"en-US\"},{\"@type\":\"Organization\",\"@id\":\"https:\/\/fildecohome.com\/#organization\",\"name\":\"Fildeco\",\"url\":\"https:\/\/fildecohome.com\/\",\"logo\":{\"@type\":\"ImageObject\",\"inLanguage\":\"en-US\",\"@id\":\"https:\/\/fildecohome.com\/#\/schema\/logo\/image\/\",\"url\":\"https:\/\/fildecohome.com\/wp-content\/uploads\/2022\/10\/logo-fildeco.png\",\"contentUrl\":\"https:\/\/fildecohome.com\/wp-content\/uploads\/2022\/10\/logo-fildeco.png\",\"width\":200,\"height\":52,\"caption\":\"Fildeco\"},\"image\":{\"@id\":\"https:\/\/fildecohome.com\/#\/schema\/logo\/image\/\"}}]}<\/script>\n<!-- \/ Yoast SEO Premium plugin. -->","yoast_head_json":{"title":"Sesgo - Fildeco","robots":{"index":"index","follow":"follow","max-snippet":"max-snippet:-1","max-image-preview":"max-image-preview:large","max-video-preview":"max-video-preview:-1"},"canonical":"https:\/\/fildecohome.com\/en\/product\/sesgo\/","og_locale":"en_US","og_type":"article","og_title":"Sesgo","og_description":"El perchero Sesgo parecer\u00e1 un mural decorativo dentro de nuestras casas. Su dise\u00f1o aprovecha los mismos rect\u00e1ngulos del mural como ganchos donde colgar nuestras prendas. Su instalaci\u00f3n es sencilla con solo dos tornillos de anclaje. Est\u00e1 hecho enteramente de alambre met\u00e1lico.    &nbsp;","og_url":"https:\/\/fildecohome.com\/en\/product\/sesgo\/","og_site_name":"Fildeco","article_modified_time":"2023-08-01T11:01:46+00:00","og_image":[{"width":3600,"height":3600,"url":"https:\/\/fildecohome.com\/wp-content\/uploads\/2023\/07\/601-001-70_TRA_1x1.png","type":"image\/png"}],"twitter_card":"summary_large_image","schema":{"@context":"https:\/\/schema.org","@graph":[{"@type":"WebPage","@id":"https:\/\/fildecohome.com\/producto\/sesgo\/","url":"https:\/\/fildecohome.com\/producto\/sesgo\/","name":"Sesgo - Fildeco","isPartOf":{"@id":"https:\/\/fildecohome.com\/#website"},"datePublished":"2023-03-28T17:38:48+00:00","dateModified":"2023-08-01T11:01:46+00:00","breadcrumb":{"@id":"https:\/\/fildecohome.com\/producto\/sesgo\/#breadcrumb"},"inLanguage":"en-US","potentialAction":[{"@type":"ReadAction","target":["https:\/\/fildecohome.com\/producto\/sesgo\/"]}]},{"@type":"BreadcrumbList","@id":"https:\/\/fildecohome.com\/producto\/sesgo\/#breadcrumb","itemListElement":[{"@type":"ListItem","position":1,"name":"Home","item":"https:\/\/fildecohome.com\/"},{"@type":"ListItem","position":2,"name":"Tienda","item":"https:\/\/fildecohome.com\/tienda\/"},{"@type":"ListItem","position":3,"name":"Sesgo"}]},{"@type":"WebSite","@id":"https:\/\/fildecohome.com\/#website","url":"https:\/\/fildecohome.com\/","name":"Fildeco","description":"El alambre hecho decoraci\u00f3n","publisher":{"@id":"https:\/\/fildecohome.com\/#organization"},"potentialAction":[{"@type":"SearchAction","target":{"@type":"EntryPoint","urlTemplate":"https:\/\/fildecohome.com\/?s={search_term_string}"},"query-input":"required name=search_term_string"}],"inLanguage":"en-US"},{"@type":"Organization","@id":"https:\/\/fildecohome.com\/#organization","name":"Fildeco","url":"https:\/\/fildecohome.com\/","logo":{"@type":"ImageObject","inLanguage":"en-US","@id":"https:\/\/fildecohome.com\/#\/schema\/logo\/image\/","url":"https:\/\/fildecohome.com\/wp-content\/uploads\/2022\/10\/logo-fildeco.png","contentUrl":"https:\/\/fildecohome.com\/wp-content\/uploads\/2022\/10\/logo-fildeco.png","width":200,"height":52,"caption":"Fildeco"},"image":{"@id":"https:\/\/fildecohome.com\/#\/schema\/logo\/image\/"}}]}},"_links":{"self":[{"href":"https:\/\/fildecohome.com\/en\/wp-json\/wp\/v2\/product\/5665","targetHints":{"allow":["GET"]}}],"collection":[{"href":"https:\/\/fildecohome.com\/en\/wp-json\/wp\/v2\/product"}],"about":[{"href":"https:\/\/fildecohome.com\/en\/wp-json\/wp\/v2\/types\/product"}],"author":[{"embeddable":true,"href":"https:\/\/fildecohome.com\/en\/wp-json\/wp\/v2\/users\/1"}],"replies":[{"embeddable":true,"href":"https:\/\/fildecohome.com\/en\/wp-json\/wp\/v2\/comments?post=5665"}],"wp:featuredmedia":[{"embeddable":true,"href":"https:\/\/fildecohome.com\/en\/wp-json\/wp\/v2\/media\/5896"}],"wp:attachment":[{"href":"https:\/\/fildecohome.com\/en\/wp-json\/wp\/v2\/media?parent=5665"}],"wp:term":[{"taxonomy":"product_cat","embeddable":true,"href":"https:\/\/fildecohome.com\/en\/wp-json\/wp\/v2\/product_cat?post=5665"},{"taxonomy":"product_tag","embeddable":true,"href":"https:\/\/fildecohome.com\/en\/wp-json\/wp\/v2\/product_tag?post=5665"}],"curies":[{"name":"wp","href":"https:\/\/api.w.org\/{rel}","templated":true}]}}