
{"id":5653,"date":"2023-03-28T17:21:48","date_gmt":"2023-03-28T17:21:48","guid":{"rendered":"https:\/\/fildecohome.com\/?post_type=product&#038;p=5653"},"modified":"2023-08-31T12:29:04","modified_gmt":"2023-08-31T12:29:04","slug":"tabula","status":"publish","type":"product","link":"https:\/\/fildecohome.com\/en\/product\/tabula\/","title":{"rendered":"Tabula"},"content":{"rendered":"","protected":false},"excerpt":{"rendered":"<p>Tabula coffee tables allow a wide variety of compositions depending on the distribution we want to give to our living room.<br \/>\nIt is made of a very light iron wire structure and a natural pine wood top.<\/p>\n<p><img decoding=\"async\" class=\"alignnone size-full wp-image-5956\" src=\"https:\/\/fildecohome.com\/wp-content\/uploads\/2023\/07\/606-001-100_grande_cotas.png\" alt=\"\" width=\"425\" height=\"251\" srcset=\"https:\/\/fildecohome.com\/wp-content\/uploads\/2023\/07\/606-001-100_grande_cotas.png 425w, https:\/\/fildecohome.com\/wp-content\/uploads\/2023\/07\/606-001-100_grande_cotas-300x177.png 300w, https:\/\/fildecohome.com\/wp-content\/uploads\/2023\/07\/606-001-100_grande_cotas-18x12.png 18w\" sizes=\"(max-width: 425px) 100vw, 425px\" \/> <img decoding=\"async\" class=\"alignnone size-full wp-image-5957\" src=\"https:\/\/fildecohome.com\/wp-content\/uploads\/2023\/07\/606-001-100_pequena_cotas.png\" alt=\"\" width=\"425\" height=\"251\" srcset=\"https:\/\/fildecohome.com\/wp-content\/uploads\/2023\/07\/606-001-100_pequena_cotas.png 425w, https:\/\/fildecohome.com\/wp-content\/uploads\/2023\/07\/606-001-100_pequena_cotas-300x177.png 300w, https:\/\/fildecohome.com\/wp-content\/uploads\/2023\/07\/606-001-100_pequena_cotas-18x12.png 18w\" sizes=\"(max-width: 425px) 100vw, 425px\" \/><\/p>\n<p>&nbsp;<\/p>","protected":false},"author":1,"featured_media":6106,"comment_status":"open","ping_status":"closed","template":"","meta":[],"product_cat":[140],"product_tag":[157],"class_list":["post-5653","product","type-product","status-publish","has-post-thumbnail","hentry","product_cat-mobiliario","product_tag-mesa","qodef-layout--standard"],"acf":[],"yoast_head":"<!-- This site is optimized with the Yoast SEO Premium plugin v19.1 (Yoast SEO v21.8) - https:\/\/yoast.com\/wordpress\/plugins\/seo\/ -->\n<title>Tabula - Fildeco<\/title>\n<meta name=\"robots\" content=\"index, follow, max-snippet:-1, max-image-preview:large, max-video-preview:-1\" \/>\n<link rel=\"canonical\" href=\"https:\/\/fildecohome.com\/en\/product\/tabula\/\" \/>\n<meta property=\"og:locale\" content=\"en_US\" \/>\n<meta property=\"og:type\" content=\"article\" \/>\n<meta property=\"og:title\" content=\"Tabula\" \/>\n<meta property=\"og:description\" content=\"La mesas de centro Tabula permiten una gran variedad de composiciones dependiendo de la distribuci\u00f3n que le queramos dar a nuestro sal\u00f3n. Est\u00e1 hecha de una estructura de alambre de hierro muy ligera y una tapa de madera de pino natural.     &nbsp;\" \/>\n<meta property=\"og:url\" content=\"https:\/\/fildecohome.com\/en\/product\/tabula\/\" \/>\n<meta property=\"og:site_name\" content=\"Fildeco\" \/>\n<meta property=\"article:modified_time\" content=\"2023-08-31T12:29:04+00:00\" \/>\n<meta property=\"og:image\" content=\"https:\/\/fildecohome.com\/wp-content\/uploads\/2023\/08\/606-001-100_TRA_1x1_a.png\" \/>\n\t<meta property=\"og:image:width\" content=\"1200\" \/>\n\t<meta property=\"og:image:height\" content=\"1200\" \/>\n\t<meta property=\"og:image:type\" content=\"image\/png\" \/>\n<meta name=\"twitter:card\" content=\"summary_large_image\" \/>\n<script type=\"application\/ld+json\" class=\"yoast-schema-graph\">{\"@context\":\"https:\/\/schema.org\",\"@graph\":[{\"@type\":\"WebPage\",\"@id\":\"https:\/\/fildecohome.com\/producto\/tabula\/\",\"url\":\"https:\/\/fildecohome.com\/producto\/tabula\/\",\"name\":\"Tabula - Fildeco\",\"isPartOf\":{\"@id\":\"https:\/\/fildecohome.com\/#website\"},\"datePublished\":\"2023-03-28T17:21:48+00:00\",\"dateModified\":\"2023-08-31T12:29:04+00:00\",\"breadcrumb\":{\"@id\":\"https:\/\/fildecohome.com\/producto\/tabula\/#breadcrumb\"},\"inLanguage\":\"en-US\",\"potentialAction\":[{\"@type\":\"ReadAction\",\"target\":[\"https:\/\/fildecohome.com\/producto\/tabula\/\"]}]},{\"@type\":\"BreadcrumbList\",\"@id\":\"https:\/\/fildecohome.com\/producto\/tabula\/#breadcrumb\",\"itemListElement\":[{\"@type\":\"ListItem\",\"position\":1,\"name\":\"Home\",\"item\":\"https:\/\/fildecohome.com\/\"},{\"@type\":\"ListItem\",\"position\":2,\"name\":\"Tienda\",\"item\":\"https:\/\/fildecohome.com\/tienda\/\"},{\"@type\":\"ListItem\",\"position\":3,\"name\":\"Tabula\"}]},{\"@type\":\"WebSite\",\"@id\":\"https:\/\/fildecohome.com\/#website\",\"url\":\"https:\/\/fildecohome.com\/\",\"name\":\"Fildeco\",\"description\":\"El alambre hecho decoraci\u00f3n\",\"publisher\":{\"@id\":\"https:\/\/fildecohome.com\/#organization\"},\"potentialAction\":[{\"@type\":\"SearchAction\",\"target\":{\"@type\":\"EntryPoint\",\"urlTemplate\":\"https:\/\/fildecohome.com\/?s={search_term_string}\"},\"query-input\":\"required name=search_term_string\"}],\"inLanguage\":\"en-US\"},{\"@type\":\"Organization\",\"@id\":\"https:\/\/fildecohome.com\/#organization\",\"name\":\"Fildeco\",\"url\":\"https:\/\/fildecohome.com\/\",\"logo\":{\"@type\":\"ImageObject\",\"inLanguage\":\"en-US\",\"@id\":\"https:\/\/fildecohome.com\/#\/schema\/logo\/image\/\",\"url\":\"https:\/\/fildecohome.com\/wp-content\/uploads\/2022\/10\/logo-fildeco.png\",\"contentUrl\":\"https:\/\/fildecohome.com\/wp-content\/uploads\/2022\/10\/logo-fildeco.png\",\"width\":200,\"height\":52,\"caption\":\"Fildeco\"},\"image\":{\"@id\":\"https:\/\/fildecohome.com\/#\/schema\/logo\/image\/\"}}]}<\/script>\n<!-- \/ Yoast SEO Premium plugin. -->","yoast_head_json":{"title":"Tabula - Fildeco","robots":{"index":"index","follow":"follow","max-snippet":"max-snippet:-1","max-image-preview":"max-image-preview:large","max-video-preview":"max-video-preview:-1"},"canonical":"https:\/\/fildecohome.com\/en\/product\/tabula\/","og_locale":"en_US","og_type":"article","og_title":"Tabula","og_description":"La mesas de centro Tabula permiten una gran variedad de composiciones dependiendo de la distribuci\u00f3n que le queramos dar a nuestro sal\u00f3n. Est\u00e1 hecha de una estructura de alambre de hierro muy ligera y una tapa de madera de pino natural.     &nbsp;","og_url":"https:\/\/fildecohome.com\/en\/product\/tabula\/","og_site_name":"Fildeco","article_modified_time":"2023-08-31T12:29:04+00:00","og_image":[{"width":1200,"height":1200,"url":"https:\/\/fildecohome.com\/wp-content\/uploads\/2023\/08\/606-001-100_TRA_1x1_a.png","type":"image\/png"}],"twitter_card":"summary_large_image","schema":{"@context":"https:\/\/schema.org","@graph":[{"@type":"WebPage","@id":"https:\/\/fildecohome.com\/producto\/tabula\/","url":"https:\/\/fildecohome.com\/producto\/tabula\/","name":"Tabula - Fildeco","isPartOf":{"@id":"https:\/\/fildecohome.com\/#website"},"datePublished":"2023-03-28T17:21:48+00:00","dateModified":"2023-08-31T12:29:04+00:00","breadcrumb":{"@id":"https:\/\/fildecohome.com\/producto\/tabula\/#breadcrumb"},"inLanguage":"en-US","potentialAction":[{"@type":"ReadAction","target":["https:\/\/fildecohome.com\/producto\/tabula\/"]}]},{"@type":"BreadcrumbList","@id":"https:\/\/fildecohome.com\/producto\/tabula\/#breadcrumb","itemListElement":[{"@type":"ListItem","position":1,"name":"Home","item":"https:\/\/fildecohome.com\/"},{"@type":"ListItem","position":2,"name":"Tienda","item":"https:\/\/fildecohome.com\/tienda\/"},{"@type":"ListItem","position":3,"name":"Tabula"}]},{"@type":"WebSite","@id":"https:\/\/fildecohome.com\/#website","url":"https:\/\/fildecohome.com\/","name":"Fildeco","description":"El alambre hecho decoraci\u00f3n","publisher":{"@id":"https:\/\/fildecohome.com\/#organization"},"potentialAction":[{"@type":"SearchAction","target":{"@type":"EntryPoint","urlTemplate":"https:\/\/fildecohome.com\/?s={search_term_string}"},"query-input":"required name=search_term_string"}],"inLanguage":"en-US"},{"@type":"Organization","@id":"https:\/\/fildecohome.com\/#organization","name":"Fildeco","url":"https:\/\/fildecohome.com\/","logo":{"@type":"ImageObject","inLanguage":"en-US","@id":"https:\/\/fildecohome.com\/#\/schema\/logo\/image\/","url":"https:\/\/fildecohome.com\/wp-content\/uploads\/2022\/10\/logo-fildeco.png","contentUrl":"https:\/\/fildecohome.com\/wp-content\/uploads\/2022\/10\/logo-fildeco.png","width":200,"height":52,"caption":"Fildeco"},"image":{"@id":"https:\/\/fildecohome.com\/#\/schema\/logo\/image\/"}}]}},"_links":{"self":[{"href":"https:\/\/fildecohome.com\/en\/wp-json\/wp\/v2\/product\/5653","targetHints":{"allow":["GET"]}}],"collection":[{"href":"https:\/\/fildecohome.com\/en\/wp-json\/wp\/v2\/product"}],"about":[{"href":"https:\/\/fildecohome.com\/en\/wp-json\/wp\/v2\/types\/product"}],"author":[{"embeddable":true,"href":"https:\/\/fildecohome.com\/en\/wp-json\/wp\/v2\/users\/1"}],"replies":[{"embeddable":true,"href":"https:\/\/fildecohome.com\/en\/wp-json\/wp\/v2\/comments?post=5653"}],"wp:featuredmedia":[{"embeddable":true,"href":"https:\/\/fildecohome.com\/en\/wp-json\/wp\/v2\/media\/6106"}],"wp:attachment":[{"href":"https:\/\/fildecohome.com\/en\/wp-json\/wp\/v2\/media?parent=5653"}],"wp:term":[{"taxonomy":"product_cat","embeddable":true,"href":"https:\/\/fildecohome.com\/en\/wp-json\/wp\/v2\/product_cat?post=5653"},{"taxonomy":"product_tag","embeddable":true,"href":"https:\/\/fildecohome.com\/en\/wp-json\/wp\/v2\/product_tag?post=5653"}],"curies":[{"name":"wp","href":"https:\/\/api.w.org\/{rel}","templated":true}]}}