
{"id":5637,"date":"2023-03-28T16:49:10","date_gmt":"2023-03-28T16:49:10","guid":{"rendered":"https:\/\/fildecohome.com\/?post_type=product&#038;p=5637"},"modified":"2024-07-11T13:55:39","modified_gmt":"2024-07-11T13:55:39","slug":"tavola","status":"publish","type":"product","link":"https:\/\/fildecohome.com\/en\/product\/tavola\/","title":{"rendered":"Tavola"},"content":{"rendered":"","protected":false},"excerpt":{"rendered":"<p>The Tavola centerpiece is born thanks to the ability of wire to generate concave surfaces with a sequence of lines.<br \/>\nMade of metal wire covered with epoxy paint.<\/p>\n<p>&nbsp;<\/p>\n<p><img decoding=\"async\" class=\"alignnone size-full wp-image-5965\" src=\"https:\/\/fildecohome.com\/wp-content\/uploads\/2023\/07\/613-001-40_cotas.png\" alt=\"\" width=\"251\" height=\"424\" srcset=\"https:\/\/fildecohome.com\/wp-content\/uploads\/2023\/07\/613-001-40_cotas.png 251w, https:\/\/fildecohome.com\/wp-content\/uploads\/2023\/07\/613-001-40_cotas-178x300.png 178w, https:\/\/fildecohome.com\/wp-content\/uploads\/2023\/07\/613-001-40_cotas-7x12.png 7w\" sizes=\"(max-width: 251px) 100vw, 251px\" \/><\/p>","protected":false},"author":1,"featured_media":6097,"comment_status":"open","ping_status":"closed","template":"","meta":[],"product_cat":[139,138],"product_tag":[153],"class_list":["post-5637","product","type-product","status-publish","has-post-thumbnail","hentry","product_cat-decoracion","product_cat-destacados","product_tag-centro-mesa","qodef-layout--standard"],"acf":[],"yoast_head":"<!-- This site is optimized with the Yoast SEO Premium plugin v19.1 (Yoast SEO v21.8) - https:\/\/yoast.com\/wordpress\/plugins\/seo\/ -->\n<title>Tavola - Fildeco<\/title>\n<meta name=\"robots\" content=\"index, follow, max-snippet:-1, max-image-preview:large, max-video-preview:-1\" \/>\n<link rel=\"canonical\" href=\"https:\/\/fildecohome.com\/en\/product\/tavola\/\" \/>\n<meta property=\"og:locale\" content=\"en_US\" \/>\n<meta property=\"og:type\" content=\"article\" \/>\n<meta property=\"og:title\" content=\"Tavola\" \/>\n<meta property=\"og:description\" content=\"El centro de mesa Tavola nace gracias a la capacidad del alambre de generar superficies c\u00f3ncavas con una secuencia de l\u00edneas. Hecho de alambre met\u00e1lico cubierto con pintura epoxi.  &nbsp;\" \/>\n<meta property=\"og:url\" content=\"https:\/\/fildecohome.com\/en\/product\/tavola\/\" \/>\n<meta property=\"og:site_name\" content=\"Fildeco\" \/>\n<meta property=\"article:modified_time\" content=\"2024-07-11T13:55:39+00:00\" \/>\n<meta property=\"og:image\" content=\"https:\/\/fildecohome.com\/wp-content\/uploads\/2023\/08\/613-001-40_TRA_1x1_a.png\" \/>\n\t<meta property=\"og:image:width\" content=\"1200\" \/>\n\t<meta property=\"og:image:height\" content=\"1200\" \/>\n\t<meta property=\"og:image:type\" content=\"image\/png\" \/>\n<meta name=\"twitter:card\" content=\"summary_large_image\" \/>\n<script type=\"application\/ld+json\" class=\"yoast-schema-graph\">{\"@context\":\"https:\/\/schema.org\",\"@graph\":[{\"@type\":\"WebPage\",\"@id\":\"https:\/\/fildecohome.com\/producto\/tavola\/\",\"url\":\"https:\/\/fildecohome.com\/producto\/tavola\/\",\"name\":\"Tavola - Fildeco\",\"isPartOf\":{\"@id\":\"https:\/\/fildecohome.com\/#website\"},\"datePublished\":\"2023-03-28T16:49:10+00:00\",\"dateModified\":\"2024-07-11T13:55:39+00:00\",\"breadcrumb\":{\"@id\":\"https:\/\/fildecohome.com\/producto\/tavola\/#breadcrumb\"},\"inLanguage\":\"en-US\",\"potentialAction\":[{\"@type\":\"ReadAction\",\"target\":[\"https:\/\/fildecohome.com\/producto\/tavola\/\"]}]},{\"@type\":\"BreadcrumbList\",\"@id\":\"https:\/\/fildecohome.com\/producto\/tavola\/#breadcrumb\",\"itemListElement\":[{\"@type\":\"ListItem\",\"position\":1,\"name\":\"Home\",\"item\":\"https:\/\/fildecohome.com\/\"},{\"@type\":\"ListItem\",\"position\":2,\"name\":\"Tienda\",\"item\":\"https:\/\/fildecohome.com\/tienda\/\"},{\"@type\":\"ListItem\",\"position\":3,\"name\":\"Tavola\"}]},{\"@type\":\"WebSite\",\"@id\":\"https:\/\/fildecohome.com\/#website\",\"url\":\"https:\/\/fildecohome.com\/\",\"name\":\"Fildeco\",\"description\":\"El alambre hecho decoraci\u00f3n\",\"publisher\":{\"@id\":\"https:\/\/fildecohome.com\/#organization\"},\"potentialAction\":[{\"@type\":\"SearchAction\",\"target\":{\"@type\":\"EntryPoint\",\"urlTemplate\":\"https:\/\/fildecohome.com\/?s={search_term_string}\"},\"query-input\":\"required name=search_term_string\"}],\"inLanguage\":\"en-US\"},{\"@type\":\"Organization\",\"@id\":\"https:\/\/fildecohome.com\/#organization\",\"name\":\"Fildeco\",\"url\":\"https:\/\/fildecohome.com\/\",\"logo\":{\"@type\":\"ImageObject\",\"inLanguage\":\"en-US\",\"@id\":\"https:\/\/fildecohome.com\/#\/schema\/logo\/image\/\",\"url\":\"https:\/\/fildecohome.com\/wp-content\/uploads\/2022\/10\/logo-fildeco.png\",\"contentUrl\":\"https:\/\/fildecohome.com\/wp-content\/uploads\/2022\/10\/logo-fildeco.png\",\"width\":200,\"height\":52,\"caption\":\"Fildeco\"},\"image\":{\"@id\":\"https:\/\/fildecohome.com\/#\/schema\/logo\/image\/\"}}]}<\/script>\n<!-- \/ Yoast SEO Premium plugin. -->","yoast_head_json":{"title":"Tavola - Fildeco","robots":{"index":"index","follow":"follow","max-snippet":"max-snippet:-1","max-image-preview":"max-image-preview:large","max-video-preview":"max-video-preview:-1"},"canonical":"https:\/\/fildecohome.com\/en\/product\/tavola\/","og_locale":"en_US","og_type":"article","og_title":"Tavola","og_description":"El centro de mesa Tavola nace gracias a la capacidad del alambre de generar superficies c\u00f3ncavas con una secuencia de l\u00edneas. Hecho de alambre met\u00e1lico cubierto con pintura epoxi.  &nbsp;","og_url":"https:\/\/fildecohome.com\/en\/product\/tavola\/","og_site_name":"Fildeco","article_modified_time":"2024-07-11T13:55:39+00:00","og_image":[{"width":1200,"height":1200,"url":"https:\/\/fildecohome.com\/wp-content\/uploads\/2023\/08\/613-001-40_TRA_1x1_a.png","type":"image\/png"}],"twitter_card":"summary_large_image","schema":{"@context":"https:\/\/schema.org","@graph":[{"@type":"WebPage","@id":"https:\/\/fildecohome.com\/producto\/tavola\/","url":"https:\/\/fildecohome.com\/producto\/tavola\/","name":"Tavola - Fildeco","isPartOf":{"@id":"https:\/\/fildecohome.com\/#website"},"datePublished":"2023-03-28T16:49:10+00:00","dateModified":"2024-07-11T13:55:39+00:00","breadcrumb":{"@id":"https:\/\/fildecohome.com\/producto\/tavola\/#breadcrumb"},"inLanguage":"en-US","potentialAction":[{"@type":"ReadAction","target":["https:\/\/fildecohome.com\/producto\/tavola\/"]}]},{"@type":"BreadcrumbList","@id":"https:\/\/fildecohome.com\/producto\/tavola\/#breadcrumb","itemListElement":[{"@type":"ListItem","position":1,"name":"Home","item":"https:\/\/fildecohome.com\/"},{"@type":"ListItem","position":2,"name":"Tienda","item":"https:\/\/fildecohome.com\/tienda\/"},{"@type":"ListItem","position":3,"name":"Tavola"}]},{"@type":"WebSite","@id":"https:\/\/fildecohome.com\/#website","url":"https:\/\/fildecohome.com\/","name":"Fildeco","description":"El alambre hecho decoraci\u00f3n","publisher":{"@id":"https:\/\/fildecohome.com\/#organization"},"potentialAction":[{"@type":"SearchAction","target":{"@type":"EntryPoint","urlTemplate":"https:\/\/fildecohome.com\/?s={search_term_string}"},"query-input":"required name=search_term_string"}],"inLanguage":"en-US"},{"@type":"Organization","@id":"https:\/\/fildecohome.com\/#organization","name":"Fildeco","url":"https:\/\/fildecohome.com\/","logo":{"@type":"ImageObject","inLanguage":"en-US","@id":"https:\/\/fildecohome.com\/#\/schema\/logo\/image\/","url":"https:\/\/fildecohome.com\/wp-content\/uploads\/2022\/10\/logo-fildeco.png","contentUrl":"https:\/\/fildecohome.com\/wp-content\/uploads\/2022\/10\/logo-fildeco.png","width":200,"height":52,"caption":"Fildeco"},"image":{"@id":"https:\/\/fildecohome.com\/#\/schema\/logo\/image\/"}}]}},"_links":{"self":[{"href":"https:\/\/fildecohome.com\/en\/wp-json\/wp\/v2\/product\/5637","targetHints":{"allow":["GET"]}}],"collection":[{"href":"https:\/\/fildecohome.com\/en\/wp-json\/wp\/v2\/product"}],"about":[{"href":"https:\/\/fildecohome.com\/en\/wp-json\/wp\/v2\/types\/product"}],"author":[{"embeddable":true,"href":"https:\/\/fildecohome.com\/en\/wp-json\/wp\/v2\/users\/1"}],"replies":[{"embeddable":true,"href":"https:\/\/fildecohome.com\/en\/wp-json\/wp\/v2\/comments?post=5637"}],"wp:featuredmedia":[{"embeddable":true,"href":"https:\/\/fildecohome.com\/en\/wp-json\/wp\/v2\/media\/6097"}],"wp:attachment":[{"href":"https:\/\/fildecohome.com\/en\/wp-json\/wp\/v2\/media?parent=5637"}],"wp:term":[{"taxonomy":"product_cat","embeddable":true,"href":"https:\/\/fildecohome.com\/en\/wp-json\/wp\/v2\/product_cat?post=5637"},{"taxonomy":"product_tag","embeddable":true,"href":"https:\/\/fildecohome.com\/en\/wp-json\/wp\/v2\/product_tag?post=5637"}],"curies":[{"name":"wp","href":"https:\/\/api.w.org\/{rel}","templated":true}]}}