
{"id":6114,"date":"2023-08-31T13:25:59","date_gmt":"2023-08-31T13:25:59","guid":{"rendered":"https:\/\/fildecohome.com\/?page_id=6114"},"modified":"2024-04-10T08:48:24","modified_gmt":"2024-04-10T08:48:24","slug":"envios-y-entregas","status":"publish","type":"page","link":"https:\/\/fildecohome.com\/en\/envios-y-entregas\/","title":{"rendered":"Shipments and Deliveries"},"content":{"rendered":"<div data-elementor-type=\"wp-page\" data-elementor-id=\"6114\" class=\"elementor elementor-6114\">\n\t\t\t\t\t\t\t\t\t<section class=\"elementor-section elementor-top-section elementor-element elementor-element-3c227d31 elementor-section-boxed elementor-section-height-default elementor-section-height-default qodef-elementor-content-no qodef-elementor-back-to-top-dark\" data-id=\"3c227d31\" data-element_type=\"section\">\n\t\t\t\t\t\t<div class=\"elementor-container elementor-column-gap-default\">\n\t\t\t\t\t<div class=\"elementor-column elementor-col-100 elementor-top-column elementor-element elementor-element-50d7aded\" data-id=\"50d7aded\" data-element_type=\"column\">\n\t\t\t<div class=\"elementor-widget-wrap elementor-element-populated\">\n\t\t\t\t\t\t\t\t<div class=\"elementor-element elementor-element-5b8d58e1 organizar elementor-widget elementor-widget-text-editor\" data-id=\"5b8d58e1\" data-element_type=\"widget\" data-widget_type=\"text-editor.default\">\n\t\t\t\t<div class=\"elementor-widget-container\">\n\t\t\t<style>\/*! elementor - v3.7.4 - 31-08-2022 *\/\n.elementor-widget-text-editor.elementor-drop-cap-view-stacked .elementor-drop-cap{background-color:#818a91;color:#fff}.elementor-widget-text-editor.elementor-drop-cap-view-framed .elementor-drop-cap{color:#818a91;border:3px solid;background-color:transparent}.elementor-widget-text-editor:not(.elementor-drop-cap-view-default) .elementor-drop-cap{margin-top:8px}.elementor-widget-text-editor:not(.elementor-drop-cap-view-default) .elementor-drop-cap-letter{width:1em;height:1em}.elementor-widget-text-editor .elementor-drop-cap{float:left;text-align:center;line-height:1;font-size:50px}.elementor-widget-text-editor .elementor-drop-cap-letter{display:inline-block}<\/style>\t\t\t\t<p><!-- wp:paragraph --><\/p>\n<h2>Shipments and Deliveries<\/h2>\n<p><!-- \/wp:paragraph --><\/p>\n<p><!-- wp:paragraph --><\/p>\n<p>All shipments within the peninsula of the Spanish territory have a shipping cost of 8 EUR and a delivery date of 4 to 5 working days.<\/p>\n<p><!-- \/wp:paragraph --><\/p>\n<p><!-- wp:paragraph --><\/p>\n<p>For orders over 100 EUR, shipping is free.<\/p>\n<p><!-- \/wp:paragraph --><\/p>\n<p><!-- wp:paragraph --><\/p>\n<p>For international shipments please contact us via the email from the contact page.<\/p>\n<p><!-- \/wp:paragraph --><\/p>\n<p><!-- wp:heading --><\/p>\n<h2>\u00a0<\/h2>\n<p><!-- \/wp:paragraph --><\/p>\t\t\t\t\t\t<\/div>\n\t\t\t\t<\/div>\n\t\t\t\t\t<\/div>\n\t\t<\/div>\n\t\t\t\t\t\t\t<\/div>\n\t\t<\/section>\n\t\t\t\t\t\t\t<\/div>","protected":false},"excerpt":{"rendered":"<p>Env\u00edos y Entregas Todos los env\u00edos dentro de la pen\u00ednsula del territorio espa\u00f1ol tienen un coste de env\u00edo de 8 EUR y una fecha de entrega de 4 a 5 d\u00edas laborables. En pedidos superiores a 100 EUR el env\u00edo es gratuito. Para env\u00edos internacionales por favor p\u00f3ngase en contacto con nosotros a trav\u00e9s del [&hellip;]<\/p>","protected":false},"author":1,"featured_media":0,"parent":0,"menu_order":0,"comment_status":"closed","ping_status":"closed","template":"","meta":{"footnotes":""},"class_list":["post-6114","page","type-page","status-publish","hentry"],"acf":[],"yoast_head":"<!-- This site is optimized with the Yoast SEO Premium plugin v19.1 (Yoast SEO v21.8) - https:\/\/yoast.com\/wordpress\/plugins\/seo\/ -->\n<title>Env\u00edos y Entrega - Fildeco<\/title>\n<meta name=\"description\" content=\"Los env\u00edos realizados dentro de la pen\u00ednsula tendr\u00e1n una entrega est\u00e1ndar (de 4-5 d\u00edas laborables) \u00b7 El coste de dicho env\u00edo ser\u00e1 de 8 EUR...\" \/>\n<meta name=\"robots\" content=\"index, follow, max-snippet:-1, max-image-preview:large, max-video-preview:-1\" \/>\n<link rel=\"canonical\" href=\"https:\/\/fildecohome.com\/en\/envios-y-entregas\/\" \/>\n<meta property=\"og:locale\" content=\"en_US\" \/>\n<meta property=\"og:type\" content=\"article\" \/>\n<meta property=\"og:title\" content=\"Env\u00edos y Entregas\" \/>\n<meta property=\"og:description\" content=\"Los env\u00edos realizados dentro de la pen\u00ednsula tendr\u00e1n una entrega est\u00e1ndar (de 4-5 d\u00edas laborables) \u00b7 El coste de dicho env\u00edo ser\u00e1 de 8 EUR...\" \/>\n<meta property=\"og:url\" content=\"https:\/\/fildecohome.com\/en\/envios-y-entregas\/\" \/>\n<meta property=\"og:site_name\" content=\"Fildeco\" \/>\n<meta property=\"article:modified_time\" content=\"2024-04-10T08:48:24+00:00\" \/>\n<meta name=\"twitter:card\" content=\"summary_large_image\" \/>\n<meta name=\"twitter:label1\" content=\"Est. reading time\" \/>\n\t<meta name=\"twitter:data1\" content=\"1 minute\" \/>\n<script type=\"application\/ld+json\" class=\"yoast-schema-graph\">{\"@context\":\"https:\/\/schema.org\",\"@graph\":[{\"@type\":\"WebPage\",\"@id\":\"https:\/\/fildecohome.com\/envios-y-entregas\/\",\"url\":\"https:\/\/fildecohome.com\/envios-y-entregas\/\",\"name\":\"Env\u00edos y Entrega - Fildeco\",\"isPartOf\":{\"@id\":\"https:\/\/fildecohome.com\/#website\"},\"datePublished\":\"2023-08-31T13:25:59+00:00\",\"dateModified\":\"2024-04-10T08:48:24+00:00\",\"description\":\"Los env\u00edos realizados dentro de la pen\u00ednsula tendr\u00e1n una entrega est\u00e1ndar (de 4-5 d\u00edas laborables) \u00b7 El coste de dicho env\u00edo ser\u00e1 de 8 EUR...\",\"breadcrumb\":{\"@id\":\"https:\/\/fildecohome.com\/envios-y-entregas\/#breadcrumb\"},\"inLanguage\":\"en-US\",\"potentialAction\":[{\"@type\":\"ReadAction\",\"target\":[\"https:\/\/fildecohome.com\/envios-y-entregas\/\"]}]},{\"@type\":\"BreadcrumbList\",\"@id\":\"https:\/\/fildecohome.com\/envios-y-entregas\/#breadcrumb\",\"itemListElement\":[{\"@type\":\"ListItem\",\"position\":1,\"name\":\"Home\",\"item\":\"https:\/\/fildecohome.com\/\"},{\"@type\":\"ListItem\",\"position\":2,\"name\":\"Env\u00edos y Entregas\"}]},{\"@type\":\"WebSite\",\"@id\":\"https:\/\/fildecohome.com\/#website\",\"url\":\"https:\/\/fildecohome.com\/\",\"name\":\"Fildeco\",\"description\":\"El alambre hecho decoraci\u00f3n\",\"publisher\":{\"@id\":\"https:\/\/fildecohome.com\/#organization\"},\"potentialAction\":[{\"@type\":\"SearchAction\",\"target\":{\"@type\":\"EntryPoint\",\"urlTemplate\":\"https:\/\/fildecohome.com\/?s={search_term_string}\"},\"query-input\":\"required name=search_term_string\"}],\"inLanguage\":\"en-US\"},{\"@type\":\"Organization\",\"@id\":\"https:\/\/fildecohome.com\/#organization\",\"name\":\"Fildeco\",\"url\":\"https:\/\/fildecohome.com\/\",\"logo\":{\"@type\":\"ImageObject\",\"inLanguage\":\"en-US\",\"@id\":\"https:\/\/fildecohome.com\/#\/schema\/logo\/image\/\",\"url\":\"https:\/\/fildecohome.com\/wp-content\/uploads\/2022\/10\/logo-fildeco.png\",\"contentUrl\":\"https:\/\/fildecohome.com\/wp-content\/uploads\/2022\/10\/logo-fildeco.png\",\"width\":200,\"height\":52,\"caption\":\"Fildeco\"},\"image\":{\"@id\":\"https:\/\/fildecohome.com\/#\/schema\/logo\/image\/\"}}]}<\/script>\n<!-- \/ Yoast SEO Premium plugin. -->","yoast_head_json":{"title":"Env\u00edos y Entrega - Fildeco","description":"Los env\u00edos realizados dentro de la pen\u00ednsula tendr\u00e1n una entrega est\u00e1ndar (de 4-5 d\u00edas laborables) \u00b7 El coste de dicho env\u00edo ser\u00e1 de 8 EUR...","robots":{"index":"index","follow":"follow","max-snippet":"max-snippet:-1","max-image-preview":"max-image-preview:large","max-video-preview":"max-video-preview:-1"},"canonical":"https:\/\/fildecohome.com\/en\/envios-y-entregas\/","og_locale":"en_US","og_type":"article","og_title":"Env\u00edos y Entregas","og_description":"Los env\u00edos realizados dentro de la pen\u00ednsula tendr\u00e1n una entrega est\u00e1ndar (de 4-5 d\u00edas laborables) \u00b7 El coste de dicho env\u00edo ser\u00e1 de 8 EUR...","og_url":"https:\/\/fildecohome.com\/en\/envios-y-entregas\/","og_site_name":"Fildeco","article_modified_time":"2024-04-10T08:48:24+00:00","twitter_card":"summary_large_image","twitter_misc":{"Est. reading time":"1 minute"},"schema":{"@context":"https:\/\/schema.org","@graph":[{"@type":"WebPage","@id":"https:\/\/fildecohome.com\/envios-y-entregas\/","url":"https:\/\/fildecohome.com\/envios-y-entregas\/","name":"Env\u00edos y Entrega - Fildeco","isPartOf":{"@id":"https:\/\/fildecohome.com\/#website"},"datePublished":"2023-08-31T13:25:59+00:00","dateModified":"2024-04-10T08:48:24+00:00","description":"Los env\u00edos realizados dentro de la pen\u00ednsula tendr\u00e1n una entrega est\u00e1ndar (de 4-5 d\u00edas laborables) \u00b7 El coste de dicho env\u00edo ser\u00e1 de 8 EUR...","breadcrumb":{"@id":"https:\/\/fildecohome.com\/envios-y-entregas\/#breadcrumb"},"inLanguage":"en-US","potentialAction":[{"@type":"ReadAction","target":["https:\/\/fildecohome.com\/envios-y-entregas\/"]}]},{"@type":"BreadcrumbList","@id":"https:\/\/fildecohome.com\/envios-y-entregas\/#breadcrumb","itemListElement":[{"@type":"ListItem","position":1,"name":"Home","item":"https:\/\/fildecohome.com\/"},{"@type":"ListItem","position":2,"name":"Env\u00edos y Entregas"}]},{"@type":"WebSite","@id":"https:\/\/fildecohome.com\/#website","url":"https:\/\/fildecohome.com\/","name":"Fildeco","description":"El alambre hecho decoraci\u00f3n","publisher":{"@id":"https:\/\/fildecohome.com\/#organization"},"potentialAction":[{"@type":"SearchAction","target":{"@type":"EntryPoint","urlTemplate":"https:\/\/fildecohome.com\/?s={search_term_string}"},"query-input":"required name=search_term_string"}],"inLanguage":"en-US"},{"@type":"Organization","@id":"https:\/\/fildecohome.com\/#organization","name":"Fildeco","url":"https:\/\/fildecohome.com\/","logo":{"@type":"ImageObject","inLanguage":"en-US","@id":"https:\/\/fildecohome.com\/#\/schema\/logo\/image\/","url":"https:\/\/fildecohome.com\/wp-content\/uploads\/2022\/10\/logo-fildeco.png","contentUrl":"https:\/\/fildecohome.com\/wp-content\/uploads\/2022\/10\/logo-fildeco.png","width":200,"height":52,"caption":"Fildeco"},"image":{"@id":"https:\/\/fildecohome.com\/#\/schema\/logo\/image\/"}}]}},"_links":{"self":[{"href":"https:\/\/fildecohome.com\/en\/wp-json\/wp\/v2\/pages\/6114","targetHints":{"allow":["GET"]}}],"collection":[{"href":"https:\/\/fildecohome.com\/en\/wp-json\/wp\/v2\/pages"}],"about":[{"href":"https:\/\/fildecohome.com\/en\/wp-json\/wp\/v2\/types\/page"}],"author":[{"embeddable":true,"href":"https:\/\/fildecohome.com\/en\/wp-json\/wp\/v2\/users\/1"}],"replies":[{"embeddable":true,"href":"https:\/\/fildecohome.com\/en\/wp-json\/wp\/v2\/comments?post=6114"}],"version-history":[{"count":5,"href":"https:\/\/fildecohome.com\/en\/wp-json\/wp\/v2\/pages\/6114\/revisions"}],"predecessor-version":[{"id":6187,"href":"https:\/\/fildecohome.com\/en\/wp-json\/wp\/v2\/pages\/6114\/revisions\/6187"}],"wp:attachment":[{"href":"https:\/\/fildecohome.com\/en\/wp-json\/wp\/v2\/media?parent=6114"}],"curies":[{"name":"wp","href":"https:\/\/api.w.org\/{rel}","templated":true}]}}