
{"id":6086,"date":"2023-08-31T09:47:53","date_gmt":"2023-08-31T09:47:53","guid":{"rendered":"https:\/\/fildecohome.com\/?page_id=6086"},"modified":"2024-04-10T08:46:59","modified_gmt":"2024-04-10T08:46:59","slug":"devoluciones","status":"publish","type":"page","link":"https:\/\/fildecohome.com\/en\/devoluciones\/","title":{"rendered":"Returns"},"content":{"rendered":"<div data-elementor-type=\"wp-page\" data-elementor-id=\"6086\" class=\"elementor elementor-6086\">\n\t\t\t\t\t\t\t\t\t<section class=\"elementor-section elementor-top-section elementor-element elementor-element-3c227d31 elementor-section-boxed elementor-section-height-default elementor-section-height-default qodef-elementor-content-no qodef-elementor-back-to-top-dark\" data-id=\"3c227d31\" data-element_type=\"section\">\n\t\t\t\t\t\t<div class=\"elementor-container elementor-column-gap-default\">\n\t\t\t\t\t<div class=\"elementor-column elementor-col-100 elementor-top-column elementor-element elementor-element-50d7aded\" data-id=\"50d7aded\" data-element_type=\"column\">\n\t\t\t<div class=\"elementor-widget-wrap elementor-element-populated\">\n\t\t\t\t\t\t\t\t<div class=\"elementor-element elementor-element-5b8d58e1 organizar elementor-widget elementor-widget-text-editor\" data-id=\"5b8d58e1\" data-element_type=\"widget\" data-widget_type=\"text-editor.default\">\n\t\t\t\t<div class=\"elementor-widget-container\">\n\t\t\t<style>\/*! elementor - v3.7.4 - 31-08-2022 *\/\n.elementor-widget-text-editor.elementor-drop-cap-view-stacked .elementor-drop-cap{background-color:#818a91;color:#fff}.elementor-widget-text-editor.elementor-drop-cap-view-framed .elementor-drop-cap{color:#818a91;border:3px solid;background-color:transparent}.elementor-widget-text-editor:not(.elementor-drop-cap-view-default) .elementor-drop-cap{margin-top:8px}.elementor-widget-text-editor:not(.elementor-drop-cap-view-default) .elementor-drop-cap-letter{width:1em;height:1em}.elementor-widget-text-editor .elementor-drop-cap{float:left;text-align:center;line-height:1;font-size:50px}.elementor-widget-text-editor .elementor-drop-cap-letter{display:inline-block}<\/style>\t\t\t\t<p><!-- wp:paragraph --><\/p>\n<h2>Return policy<\/h2>\n<p><!-- \/wp:paragraph --><\/p>\n<p><!-- wp:paragraph --><\/p>\n<p>Desde Fildec\u00f3 queremos participar en la mejora de los hogares de nuestros clientes proporcionando soluciones est\u00e9ticas que resuelvan sus necesidades del d\u00eda a d\u00eda. Por eso tenemos una pol\u00edtica de devoluciones que estipula que se puede llevar a cabo una devoluci\u00f3n dentro de un periodo de <strong>15 days<\/strong> naturales desde el momento en que se recibe el paquete, por si nuestro producto no se adapta a vosotros.<\/p>\n<p><!-- \/wp:paragraph --><\/p>\n<p><!-- wp:paragraph --><\/p>\n<p>In case of return you must contact Fildec\u00f3 through the Contact section stipulating the order number, and we will organize the collection.<\/p>\n<p><!-- \/wp:paragraph --><\/p>\n<p><!-- wp:paragraph --><\/p>\n<p>Transport charges for returns will be borne by the customer.<\/p>\n<p><!-- \/wp:paragraph --><\/p>\n<p><!-- wp:heading --><\/p>\n<h2>\u00a0<\/h2>\n<p><!-- \/wp:paragraph --><\/p>\t\t\t\t\t\t<\/div>\n\t\t\t\t<\/div>\n\t\t\t\t\t<\/div>\n\t\t<\/div>\n\t\t\t\t\t\t\t<\/div>\n\t\t<\/section>\n\t\t\t\t\t\t\t<\/div>","protected":false},"excerpt":{"rendered":"<p>Pol\u00edtica de devoluciones Desde Fildec\u00f3 queremos participar en la mejora de los hogares de nuestros clientes proporcionando soluciones est\u00e9ticas que resuelvan sus necesidades del d\u00eda a d\u00eda. Por eso tenemos una pol\u00edtica de devoluciones que estipula que se puede llevar a cabo una devoluci\u00f3n dentro de un periodo de 15 d\u00edas naturales desde el momento [&hellip;]<\/p>","protected":false},"author":1,"featured_media":0,"parent":0,"menu_order":0,"comment_status":"closed","ping_status":"closed","template":"","meta":{"footnotes":""},"class_list":["post-6086","page","type-page","status-publish","hentry"],"acf":[],"yoast_head":"<!-- This site is optimized with the Yoast SEO Premium plugin v19.1 (Yoast SEO v21.8) - https:\/\/yoast.com\/wordpress\/plugins\/seo\/ -->\n<title>Devoluciones - Fildeco<\/title>\n<meta name=\"description\" content=\"En Fildec\u00f3 nos preocupamos porque recibas el mejor trato posible por eso puedes hacer devoluciones en un plazo de 15 d\u00edas desde su entrega.\" \/>\n<meta name=\"robots\" content=\"index, follow, max-snippet:-1, max-image-preview:large, max-video-preview:-1\" \/>\n<link rel=\"canonical\" href=\"https:\/\/fildecohome.com\/en\/devoluciones\/\" \/>\n<meta property=\"og:locale\" content=\"en_US\" \/>\n<meta property=\"og:type\" content=\"article\" \/>\n<meta property=\"og:title\" content=\"Devoluciones\" \/>\n<meta property=\"og:description\" content=\"En Fildec\u00f3 nos preocupamos porque recibas el mejor trato posible por eso puedes hacer devoluciones en un plazo de 15 d\u00edas desde su entrega.\" \/>\n<meta property=\"og:url\" content=\"https:\/\/fildecohome.com\/en\/devoluciones\/\" \/>\n<meta property=\"og:site_name\" content=\"Fildeco\" \/>\n<meta property=\"article:modified_time\" content=\"2024-04-10T08:46:59+00:00\" \/>\n<meta name=\"twitter:card\" content=\"summary_large_image\" \/>\n<meta name=\"twitter:label1\" content=\"Est. reading time\" \/>\n\t<meta name=\"twitter:data1\" content=\"1 minute\" \/>\n<script type=\"application\/ld+json\" class=\"yoast-schema-graph\">{\"@context\":\"https:\/\/schema.org\",\"@graph\":[{\"@type\":\"WebPage\",\"@id\":\"https:\/\/fildecohome.com\/devoluciones\/\",\"url\":\"https:\/\/fildecohome.com\/devoluciones\/\",\"name\":\"Devoluciones - Fildeco\",\"isPartOf\":{\"@id\":\"https:\/\/fildecohome.com\/#website\"},\"datePublished\":\"2023-08-31T09:47:53+00:00\",\"dateModified\":\"2024-04-10T08:46:59+00:00\",\"description\":\"En Fildec\u00f3 nos preocupamos porque recibas el mejor trato posible por eso puedes hacer devoluciones en un plazo de 15 d\u00edas desde su entrega.\",\"breadcrumb\":{\"@id\":\"https:\/\/fildecohome.com\/devoluciones\/#breadcrumb\"},\"inLanguage\":\"en-US\",\"potentialAction\":[{\"@type\":\"ReadAction\",\"target\":[\"https:\/\/fildecohome.com\/devoluciones\/\"]}]},{\"@type\":\"BreadcrumbList\",\"@id\":\"https:\/\/fildecohome.com\/devoluciones\/#breadcrumb\",\"itemListElement\":[{\"@type\":\"ListItem\",\"position\":1,\"name\":\"Home\",\"item\":\"https:\/\/fildecohome.com\/\"},{\"@type\":\"ListItem\",\"position\":2,\"name\":\"Devoluciones\"}]},{\"@type\":\"WebSite\",\"@id\":\"https:\/\/fildecohome.com\/#website\",\"url\":\"https:\/\/fildecohome.com\/\",\"name\":\"Fildeco\",\"description\":\"El alambre hecho decoraci\u00f3n\",\"publisher\":{\"@id\":\"https:\/\/fildecohome.com\/#organization\"},\"potentialAction\":[{\"@type\":\"SearchAction\",\"target\":{\"@type\":\"EntryPoint\",\"urlTemplate\":\"https:\/\/fildecohome.com\/?s={search_term_string}\"},\"query-input\":\"required name=search_term_string\"}],\"inLanguage\":\"en-US\"},{\"@type\":\"Organization\",\"@id\":\"https:\/\/fildecohome.com\/#organization\",\"name\":\"Fildeco\",\"url\":\"https:\/\/fildecohome.com\/\",\"logo\":{\"@type\":\"ImageObject\",\"inLanguage\":\"en-US\",\"@id\":\"https:\/\/fildecohome.com\/#\/schema\/logo\/image\/\",\"url\":\"https:\/\/fildecohome.com\/wp-content\/uploads\/2022\/10\/logo-fildeco.png\",\"contentUrl\":\"https:\/\/fildecohome.com\/wp-content\/uploads\/2022\/10\/logo-fildeco.png\",\"width\":200,\"height\":52,\"caption\":\"Fildeco\"},\"image\":{\"@id\":\"https:\/\/fildecohome.com\/#\/schema\/logo\/image\/\"}}]}<\/script>\n<!-- \/ Yoast SEO Premium plugin. -->","yoast_head_json":{"title":"Devoluciones - Fildeco","description":"En Fildec\u00f3 nos preocupamos porque recibas el mejor trato posible por eso puedes hacer devoluciones en un plazo de 15 d\u00edas desde su entrega.","robots":{"index":"index","follow":"follow","max-snippet":"max-snippet:-1","max-image-preview":"max-image-preview:large","max-video-preview":"max-video-preview:-1"},"canonical":"https:\/\/fildecohome.com\/en\/devoluciones\/","og_locale":"en_US","og_type":"article","og_title":"Devoluciones","og_description":"En Fildec\u00f3 nos preocupamos porque recibas el mejor trato posible por eso puedes hacer devoluciones en un plazo de 15 d\u00edas desde su entrega.","og_url":"https:\/\/fildecohome.com\/en\/devoluciones\/","og_site_name":"Fildeco","article_modified_time":"2024-04-10T08:46:59+00:00","twitter_card":"summary_large_image","twitter_misc":{"Est. reading time":"1 minute"},"schema":{"@context":"https:\/\/schema.org","@graph":[{"@type":"WebPage","@id":"https:\/\/fildecohome.com\/devoluciones\/","url":"https:\/\/fildecohome.com\/devoluciones\/","name":"Devoluciones - Fildeco","isPartOf":{"@id":"https:\/\/fildecohome.com\/#website"},"datePublished":"2023-08-31T09:47:53+00:00","dateModified":"2024-04-10T08:46:59+00:00","description":"En Fildec\u00f3 nos preocupamos porque recibas el mejor trato posible por eso puedes hacer devoluciones en un plazo de 15 d\u00edas desde su entrega.","breadcrumb":{"@id":"https:\/\/fildecohome.com\/devoluciones\/#breadcrumb"},"inLanguage":"en-US","potentialAction":[{"@type":"ReadAction","target":["https:\/\/fildecohome.com\/devoluciones\/"]}]},{"@type":"BreadcrumbList","@id":"https:\/\/fildecohome.com\/devoluciones\/#breadcrumb","itemListElement":[{"@type":"ListItem","position":1,"name":"Home","item":"https:\/\/fildecohome.com\/"},{"@type":"ListItem","position":2,"name":"Devoluciones"}]},{"@type":"WebSite","@id":"https:\/\/fildecohome.com\/#website","url":"https:\/\/fildecohome.com\/","name":"Fildeco","description":"El alambre hecho decoraci\u00f3n","publisher":{"@id":"https:\/\/fildecohome.com\/#organization"},"potentialAction":[{"@type":"SearchAction","target":{"@type":"EntryPoint","urlTemplate":"https:\/\/fildecohome.com\/?s={search_term_string}"},"query-input":"required name=search_term_string"}],"inLanguage":"en-US"},{"@type":"Organization","@id":"https:\/\/fildecohome.com\/#organization","name":"Fildeco","url":"https:\/\/fildecohome.com\/","logo":{"@type":"ImageObject","inLanguage":"en-US","@id":"https:\/\/fildecohome.com\/#\/schema\/logo\/image\/","url":"https:\/\/fildecohome.com\/wp-content\/uploads\/2022\/10\/logo-fildeco.png","contentUrl":"https:\/\/fildecohome.com\/wp-content\/uploads\/2022\/10\/logo-fildeco.png","width":200,"height":52,"caption":"Fildeco"},"image":{"@id":"https:\/\/fildecohome.com\/#\/schema\/logo\/image\/"}}]}},"_links":{"self":[{"href":"https:\/\/fildecohome.com\/en\/wp-json\/wp\/v2\/pages\/6086","targetHints":{"allow":["GET"]}}],"collection":[{"href":"https:\/\/fildecohome.com\/en\/wp-json\/wp\/v2\/pages"}],"about":[{"href":"https:\/\/fildecohome.com\/en\/wp-json\/wp\/v2\/types\/page"}],"author":[{"embeddable":true,"href":"https:\/\/fildecohome.com\/en\/wp-json\/wp\/v2\/users\/1"}],"replies":[{"embeddable":true,"href":"https:\/\/fildecohome.com\/en\/wp-json\/wp\/v2\/comments?post=6086"}],"version-history":[{"count":11,"href":"https:\/\/fildecohome.com\/en\/wp-json\/wp\/v2\/pages\/6086\/revisions"}],"predecessor-version":[{"id":6186,"href":"https:\/\/fildecohome.com\/en\/wp-json\/wp\/v2\/pages\/6086\/revisions\/6186"}],"wp:attachment":[{"href":"https:\/\/fildecohome.com\/en\/wp-json\/wp\/v2\/media?parent=6086"}],"curies":[{"name":"wp","href":"https:\/\/api.w.org\/{rel}","templated":true}]}}